{"id":62,"date":"2019-01-04T01:14:32","date_gmt":"2019-01-04T00:14:32","guid":{"rendered":"http:\/\/www.satersak.com\/?page_id=62"},"modified":"2025-05-17T14:09:41","modified_gmt":"2025-05-17T12:09:41","slug":"styrelsen","status":"publish","type":"page","link":"https:\/\/www.satersak.com\/index.php\/styrelsen\/","title":{"rendered":"Styrelsen"},"content":{"rendered":"\n<p class=\"has-text-align-center\">Ordf\u00f6rande: Joel Krigh<\/p>\n\n\n\n<p class=\"has-text-align-center\">073 &#8211; 501 08 55<\/p>\n\n\n\n<figure class=\"wp-block-image size-large\"><img loading=\"lazy\" decoding=\"async\" width=\"200\" height=\"25\" src=\"https:\/\/www.satersak.com\/wp-content\/uploads\/2021\/04\/adr9.jpg\" alt=\"\" class=\"wp-image-237\"\/><\/figure>\n\n\n\n<p class=\"has-text-align-center\">&nbsp;<\/p>\n\n\n\n<p class=\"has-text-align-center\">Kass\u00f6r: Kent Lindkvist<\/p>\n\n\n\n<figure class=\"wp-block-image\"><img loading=\"lazy\" decoding=\"async\" width=\"200\" height=\"25\" src=\"https:\/\/www.satersak.com\/wp-content\/uploads\/2019\/01\/adr2.jpg\" alt=\"\" class=\"wp-image-153\"\/><\/figure>\n\n\n\n<p class=\"has-text-align-center\">&nbsp;<\/p>\n\n\n\n<p class=\"has-text-align-center\">Sekreterare: Ulf Titz<\/p>\n\n\n\n<p class=\"has-text-align-center\">070 &#8211; 327 38 19<\/p>\n\n\n\n<figure class=\"wp-block-image\"><img loading=\"lazy\" decoding=\"async\" width=\"200\" height=\"25\" src=\"https:\/\/www.satersak.com\/wp-content\/uploads\/2019\/01\/adr3.jpg\" alt=\"\" class=\"wp-image-154\"\/><\/figure>\n\n\n\n<p class=\"has-text-align-center\">&nbsp;<br><\/p>\n\n\n\n<p class=\"has-text-align-center\">Ledam\u00f6ter: Johnny Claesson, S\u00f6ren Gustafsson, Daniel S\u00e4tterstr\u00f6m, Mats S\u00f6dergren<\/p>\n\n\n\n<p class=\"has-text-align-center\">Suppleant:\u00a0Fredrik Lind, Petronella Titz, Olle \u00c5s\u00e5ker<\/p>\n","protected":false},"excerpt":{"rendered":"<p>Ordf\u00f6rande: Joel Krigh 073 &#8211; 501 08 55 &nbsp; Kass\u00f6r: Kent Lindkvist &nbsp; Sekreterare: Ulf Titz 070 &#8211; 327 38 19 &nbsp; Ledam\u00f6ter: Johnny Claesson, S\u00f6ren Gustafsson, Daniel S\u00e4tterstr\u00f6m, Mats S\u00f6dergren Suppleant:\u00a0Fredrik Lind, Petronella Titz, Olle \u00c5s\u00e5ker<\/p>\n","protected":false},"author":1,"featured_media":0,"parent":0,"menu_order":0,"comment_status":"closed","ping_status":"closed","template":"","meta":{"footnotes":""},"class_list":["post-62","page","type-page","status-publish","czr-hentry"],"_links":{"self":[{"href":"https:\/\/www.satersak.com\/index.php\/wp-json\/wp\/v2\/pages\/62","targetHints":{"allow":["GET"]}}],"collection":[{"href":"https:\/\/www.satersak.com\/index.php\/wp-json\/wp\/v2\/pages"}],"about":[{"href":"https:\/\/www.satersak.com\/index.php\/wp-json\/wp\/v2\/types\/page"}],"author":[{"embeddable":true,"href":"https:\/\/www.satersak.com\/index.php\/wp-json\/wp\/v2\/users\/1"}],"replies":[{"embeddable":true,"href":"https:\/\/www.satersak.com\/index.php\/wp-json\/wp\/v2\/comments?post=62"}],"version-history":[{"count":17,"href":"https:\/\/www.satersak.com\/index.php\/wp-json\/wp\/v2\/pages\/62\/revisions"}],"predecessor-version":[{"id":293,"href":"https:\/\/www.satersak.com\/index.php\/wp-json\/wp\/v2\/pages\/62\/revisions\/293"}],"wp:attachment":[{"href":"https:\/\/www.satersak.com\/index.php\/wp-json\/wp\/v2\/media?parent=62"}],"curies":[{"name":"wp","href":"https:\/\/api.w.org\/{rel}","templated":true}]}}