{"id":59,"date":"2019-01-04T01:14:32","date_gmt":"2019-01-04T00:14:32","guid":{"rendered":"http:\/\/www.satersak.com\/?page_id=59"},"modified":"2019-01-04T02:15:20","modified_gmt":"2019-01-04T01:15:20","slug":"medlemslista","status":"publish","type":"page","link":"https:\/\/www.satersak.com\/index.php\/medlemslista\/","title":{"rendered":"Medlemslista"},"content":{"rendered":"\n<p><a href=\"http:\/\/ml.satersak.com\" target=\"_blank\" rel=\"noreferrer noopener\" aria-label=\"Klicka h\u00e4r f\u00f6r att komma till medlemslistan (\u00f6ppnas i en ny flik)\">Klicka h\u00e4r f\u00f6r att komma till medlemslistan<\/a><\/p>\n","protected":false},"excerpt":{"rendered":"<p>Klicka h\u00e4r f\u00f6r att komma till medlemslistan<\/p>\n","protected":false},"author":1,"featured_media":0,"parent":0,"menu_order":0,"comment_status":"closed","ping_status":"closed","template":"","meta":{"footnotes":""},"class_list":["post-59","page","type-page","status-publish","czr-hentry"],"_links":{"self":[{"href":"https:\/\/www.satersak.com\/index.php\/wp-json\/wp\/v2\/pages\/59","targetHints":{"allow":["GET"]}}],"collection":[{"href":"https:\/\/www.satersak.com\/index.php\/wp-json\/wp\/v2\/pages"}],"about":[{"href":"https:\/\/www.satersak.com\/index.php\/wp-json\/wp\/v2\/types\/page"}],"author":[{"embeddable":true,"href":"https:\/\/www.satersak.com\/index.php\/wp-json\/wp\/v2\/users\/1"}],"replies":[{"embeddable":true,"href":"https:\/\/www.satersak.com\/index.php\/wp-json\/wp\/v2\/comments?post=59"}],"version-history":[{"count":2,"href":"https:\/\/www.satersak.com\/index.php\/wp-json\/wp\/v2\/pages\/59\/revisions"}],"predecessor-version":[{"id":95,"href":"https:\/\/www.satersak.com\/index.php\/wp-json\/wp\/v2\/pages\/59\/revisions\/95"}],"wp:attachment":[{"href":"https:\/\/www.satersak.com\/index.php\/wp-json\/wp\/v2\/media?parent=59"}],"curies":[{"name":"wp","href":"https:\/\/api.w.org\/{rel}","templated":true}]}}