{"id":46,"date":"2019-01-04T00:51:20","date_gmt":"2019-01-03T23:51:20","guid":{"rendered":"http:\/\/www.satersak.com\/?page_id=46"},"modified":"2021-04-16T03:49:30","modified_gmt":"2021-04-16T01:49:30","slug":"bli-medlem","status":"publish","type":"page","link":"https:\/\/www.satersak.com\/index.php\/bli-medlem\/","title":{"rendered":"Bli medlem"},"content":{"rendered":"\n<p>F\u00f6r att bli medlem s\u00e5 m\u00e5ste man kvittera ut en tagg f\u00f6r inpassering och&nbsp;registrering. Kontakta n\u00e5gon av f\u00f6ljande personer f\u00f6r att kvittera ut en tagg:<\/p>\n\n\n\n<p>Joel Krigh &#8212; 073 &#8211; 501 08 55<\/p>\n\n\n\n<p>eller kontakta oss p\u00e5 f\u00f6ljande mailadress<\/p>\n\n\n\n<div class=\"wp-block-image\"><figure class=\"alignleft\"><img loading=\"lazy\" decoding=\"async\" width=\"200\" height=\"25\" src=\"https:\/\/www.satersak.com\/wp-content\/uploads\/2019\/01\/adr0.jpg\" alt=\"\" class=\"wp-image-90\"\/><\/figure><\/div>\n","protected":false},"excerpt":{"rendered":"<p>F\u00f6r att bli medlem s\u00e5 m\u00e5ste man kvittera ut en tagg f\u00f6r inpassering och&nbsp;registrering. Kontakta n\u00e5gon av f\u00f6ljande personer f\u00f6r att kvittera ut en tagg: Joel Krigh &#8212; 073 &#8211; 501 08 55 eller kontakta oss p\u00e5 f\u00f6ljande mailadress<\/p>\n","protected":false},"author":1,"featured_media":0,"parent":0,"menu_order":0,"comment_status":"closed","ping_status":"closed","template":"","meta":{"footnotes":""},"class_list":["post-46","page","type-page","status-publish","czr-hentry"],"_links":{"self":[{"href":"https:\/\/www.satersak.com\/index.php\/wp-json\/wp\/v2\/pages\/46","targetHints":{"allow":["GET"]}}],"collection":[{"href":"https:\/\/www.satersak.com\/index.php\/wp-json\/wp\/v2\/pages"}],"about":[{"href":"https:\/\/www.satersak.com\/index.php\/wp-json\/wp\/v2\/types\/page"}],"author":[{"embeddable":true,"href":"https:\/\/www.satersak.com\/index.php\/wp-json\/wp\/v2\/users\/1"}],"replies":[{"embeddable":true,"href":"https:\/\/www.satersak.com\/index.php\/wp-json\/wp\/v2\/comments?post=46"}],"version-history":[{"count":5,"href":"https:\/\/www.satersak.com\/index.php\/wp-json\/wp\/v2\/pages\/46\/revisions"}],"predecessor-version":[{"id":239,"href":"https:\/\/www.satersak.com\/index.php\/wp-json\/wp\/v2\/pages\/46\/revisions\/239"}],"wp:attachment":[{"href":"https:\/\/www.satersak.com\/index.php\/wp-json\/wp\/v2\/media?parent=46"}],"curies":[{"name":"wp","href":"https:\/\/api.w.org\/{rel}","templated":true}]}}