{"id":119,"date":"2019-01-27T01:11:39","date_gmt":"2019-01-27T00:11:39","guid":{"rendered":"http:\/\/www.satersak.com\/?page_id=119"},"modified":"2025-05-17T14:34:41","modified_gmt":"2025-05-17T12:34:41","slug":"tavlingar","status":"publish","type":"page","link":"https:\/\/www.satersak.com\/index.php\/tavlingar\/","title":{"rendered":"T\u00e4vlingar"},"content":{"rendered":"\n<p><\/p>\n\n\n\n<p class=\"has-text-align-center\">2024-09-28 &#8212; Svenska M\u00e4sterskapen &#8212; Bodybuilding +85kg &#8212; 3:e plats<\/p>\n\n\n\n<p class=\"has-text-align-center\">2024-09-28 &#8212; Svenska M\u00e4sterskapen &#8212; Bodybuilding Veteraner Open &#8212; 4:e plats<\/p>\n\n\n\n<figure class=\"wp-block-image size-large\"><img loading=\"lazy\" decoding=\"async\" width=\"406\" height=\"1024\" src=\"https:\/\/www.satersak.com\/wp-content\/uploads\/2025\/05\/240928-406x1024.jpg\" alt=\"\" class=\"wp-image-301\" srcset=\"https:\/\/www.satersak.com\/wp-content\/uploads\/2025\/05\/240928-406x1024.jpg 406w, https:\/\/www.satersak.com\/wp-content\/uploads\/2025\/05\/240928-119x300.jpg 119w, https:\/\/www.satersak.com\/wp-content\/uploads\/2025\/05\/240928.jpg 426w\" sizes=\"auto, (max-width: 406px) 100vw, 406px\" \/><figcaption class=\"wp-element-caption\">Christian Hemmingsson, S\u00e4ters Atletklubb<br><\/figcaption><\/figure>\n\n\n\n<p class=\"has-text-align-center\">2023-09-23 &#8212; Svenska M\u00e4sterskapen &#8212; Bodybuilding Veteraner 40-49 \u00e5r &#8212; 2:a plats<\/p>\n\n\n\n<p class=\"has-text-align-center\">2023-09-23 &#8212; Svenska M\u00e4sterskapen &#8212; Bodybuilding +85kg &#8212; 4:e plats<\/p>\n\n\n\n<figure class=\"wp-block-image size-large\"><img loading=\"lazy\" decoding=\"async\" width=\"406\" height=\"1024\" src=\"https:\/\/www.satersak.com\/wp-content\/uploads\/2025\/05\/230923-406x1024.png\" alt=\"\" class=\"wp-image-295\" srcset=\"https:\/\/www.satersak.com\/wp-content\/uploads\/2025\/05\/230923-406x1024.png 406w, https:\/\/www.satersak.com\/wp-content\/uploads\/2025\/05\/230923-119x300.png 119w, https:\/\/www.satersak.com\/wp-content\/uploads\/2025\/05\/230923.png 466w\" sizes=\"auto, (max-width: 406px) 100vw, 406px\" \/><figcaption class=\"wp-element-caption\">Christian Hemmingsson, S\u00e4ters Atletklubb<br><\/figcaption><\/figure>\n\n\n\n<p><\/p>\n\n\n\n<p class=\"has-text-align-center\">2019-12-02 &#8212; Luciapokalen &#8212; BODYBUILDING, +90 KG &#8212; 6:e plats<\/p>\n\n\n\n<figure class=\"wp-block-image size-large\"><img loading=\"lazy\" decoding=\"async\" width=\"497\" height=\"586\" src=\"https:\/\/www.satersak.com\/wp-content\/uploads\/2019\/01\/181203.jpg\" alt=\"\" class=\"wp-image-124\"\/><figcaption class=\"wp-element-caption\">Christian Hemmingsson, S\u00e4ters Atletklubb<br><\/figcaption><\/figure>\n\n\n\n<p><\/p>\n\n\n\n<p class=\"has-text-align-center\">2018-12-02 &#8212; Luciapokalen &#8212; BODYBUILDING, +90 KG &#8212; 2:a plats<\/p>\n\n\n\n<figure class=\"wp-block-image\"><img loading=\"lazy\" decoding=\"async\" width=\"497\" height=\"586\" src=\"https:\/\/www.satersak.com\/wp-content\/uploads\/2019\/01\/181203.jpg\" alt=\"\" class=\"wp-image-124\"\/><figcaption class=\"wp-element-caption\">Christian Hemmingsson, S\u00e4ters Atletklubb<\/figcaption><\/figure>\n\n\n\n<p class=\"has-text-align-center\">2016-11-27 &#8212; Luciapokalen &#8212; BODYBUILDING, +90 KG &#8212; 7:e plats<\/p>\n\n\n\n<figure class=\"wp-block-image\"><img loading=\"lazy\" decoding=\"async\" width=\"768\" height=\"1024\" src=\"https:\/\/www.satersak.com\/wp-content\/uploads\/2019\/01\/IMG_026111.jpg\" alt=\"\" class=\"wp-image-125\"\/><figcaption class=\"wp-element-caption\">Christian Hemmingsson, S\u00e4ters Atletklubb<\/figcaption><\/figure>\n\n\n\n<p class=\"has-text-align-center\">2014-11-30 &#8212; Luciapokalen &#8212; BODYBUILDING, +90 KG &#8212; 5:e plats<\/p>\n\n\n\n<figure class=\"wp-block-image\"><img loading=\"lazy\" decoding=\"async\" width=\"206\" height=\"524\" src=\"https:\/\/www.satersak.com\/wp-content\/uploads\/2019\/01\/ch.jpg\" alt=\"\" class=\"wp-image-132\"\/><figcaption class=\"wp-element-caption\">Christian Hemmingsson, S\u00e4ters Atletklubb<\/figcaption><\/figure>\n\n\n\n<p class=\"has-text-align-center\">2014-10-04 &#8212; Svenska M\u00e4sterskapen &#8212; BODYBUILDING, -80 KG &#8212; 6:e plats<\/p>\n\n\n\n<figure class=\"wp-block-image\"><img loading=\"lazy\" decoding=\"async\" width=\"291\" height=\"647\" src=\"https:\/\/www.satersak.com\/wp-content\/uploads\/2019\/01\/ph.jpg\" alt=\"\" class=\"wp-image-135\"\/><figcaption class=\"wp-element-caption\">Peter Hedman, S\u00e4ters Atletklubb<\/figcaption><\/figure>\n\n\n\n<p class=\"has-text-align-center\">2006-09-23 &#8212; SM Athletic Fitness &#8212; Herrar, +180 cm &#8212; 7:e plats<\/p>\n\n\n\n<figure class=\"wp-block-image\"><img loading=\"lazy\" decoding=\"async\" width=\"228\" height=\"431\" src=\"https:\/\/www.satersak.com\/wp-content\/uploads\/2019\/01\/jm.jpg\" alt=\"\" class=\"wp-image-138\"\/><figcaption class=\"wp-element-caption\">Johan Mostr\u00f6m, S\u00e4ters Atletklubb<\/figcaption><\/figure>\n\n\n\n<p class=\"has-text-align-center\">1995 &#8212; Luciapokalen &#8212; BODYBUILDING, -80 KG &#8212; 1:a plats<\/p>\n\n\n<div class=\"wp-block-image\">\n<figure class=\"aligncenter\"><img loading=\"lazy\" decoding=\"async\" width=\"143\" height=\"253\" src=\"https:\/\/www.satersak.com\/wp-content\/uploads\/2019\/01\/Image1-1.jpg\" alt=\"\" class=\"wp-image-142\"\/><figcaption class=\"wp-element-caption\">Peter Hedman<\/figcaption><\/figure><\/div>\n\n\n<p class=\"has-text-align-center\">Aktivt t\u00e4vlande fram till 2002 och medlem Anders Josefsson (numera Anders Jahr)<\/p>\n\n\n<div class=\"wp-block-image\">\n<figure class=\"aligncenter\"><img loading=\"lazy\" decoding=\"async\" width=\"394\" height=\"600\" src=\"https:\/\/www.satersak.com\/wp-content\/uploads\/2019\/01\/imageproxy.jpg\" alt=\"\" class=\"wp-image-147\"\/><\/figure><\/div>","protected":false},"excerpt":{"rendered":"<p>2024-09-28 &#8212; Svenska M\u00e4sterskapen &#8212; Bodybuilding +85kg &#8212; 3:e plats 2024-09-28 &#8212; Svenska M\u00e4sterskapen &#8212; Bodybuilding Veteraner Open &#8212; 4:e plats 2023-09-23 &#8212; Svenska M\u00e4sterskapen &#8212; Bodybuilding Veteraner 40-49 \u00e5r &#8212; 2:a plats 2023-09-23 &#8212; Svenska M\u00e4sterskapen &#8212; Bodybuilding +85kg &#8212; 4:e plats 2019-12-02 &#8212; Luciapokalen &#8212; BODYBUILDING, +90 KG &#8212; 6:e plats 2018-12-02 &#8212; [&hellip;]<\/p>\n","protected":false},"author":1,"featured_media":0,"parent":0,"menu_order":0,"comment_status":"closed","ping_status":"closed","template":"","meta":{"footnotes":""},"class_list":["post-119","page","type-page","status-publish","czr-hentry"],"_links":{"self":[{"href":"https:\/\/www.satersak.com\/index.php\/wp-json\/wp\/v2\/pages\/119","targetHints":{"allow":["GET"]}}],"collection":[{"href":"https:\/\/www.satersak.com\/index.php\/wp-json\/wp\/v2\/pages"}],"about":[{"href":"https:\/\/www.satersak.com\/index.php\/wp-json\/wp\/v2\/types\/page"}],"author":[{"embeddable":true,"href":"https:\/\/www.satersak.com\/index.php\/wp-json\/wp\/v2\/users\/1"}],"replies":[{"embeddable":true,"href":"https:\/\/www.satersak.com\/index.php\/wp-json\/wp\/v2\/comments?post=119"}],"version-history":[{"count":15,"href":"https:\/\/www.satersak.com\/index.php\/wp-json\/wp\/v2\/pages\/119\/revisions"}],"predecessor-version":[{"id":302,"href":"https:\/\/www.satersak.com\/index.php\/wp-json\/wp\/v2\/pages\/119\/revisions\/302"}],"wp:attachment":[{"href":"https:\/\/www.satersak.com\/index.php\/wp-json\/wp\/v2\/media?parent=119"}],"curies":[{"name":"wp","href":"https:\/\/api.w.org\/{rel}","templated":true}]}}